{"id":500,"date":"2023-06-03T19:40:18","date_gmt":"2023-06-03T17:40:18","guid":{"rendered":"https:\/\/www.nikolettephotography.sk\/?page_id=500"},"modified":"2024-09-27T16:52:48","modified_gmt":"2024-09-27T14:52:48","slug":"faq","status":"publish","type":"page","link":"https:\/\/www.nikolettephotography.sk\/en\/faq\/","title":{"rendered":"FAQ"},"content":{"rendered":"<div data-elementor-type=\"wp-page\" data-elementor-id=\"500\" class=\"elementor elementor-500\" data-elementor-post-type=\"page\">\n\t\t\t\t<div class=\"elementor-element elementor-element-608592d e-flex e-con-boxed e-con e-parent\" data-id=\"608592d\" data-element_type=\"container\">\n\t\t\t\t\t<div class=\"e-con-inner\">\n\t\t<div class=\"elementor-element elementor-element-87371a7 e-con-full e-flex e-con e-child\" data-id=\"87371a7\" data-element_type=\"container\">\n\t\t\t\t<div class=\"elementor-element elementor-element-120e744 elementor-widget__width-initial elementor-widget-tablet__width-inherit animated-slow elementor-invisible elementor-widget elementor-widget-toggle\" data-id=\"120e744\" data-element_type=\"widget\" data-settings=\"{&quot;_animation&quot;:&quot;fadeInUp&quot;,&quot;_animation_delay&quot;:200}\" data-widget_type=\"toggle.default\">\n\t\t\t\t<div class=\"elementor-widget-container\">\n\t\t\t\t\t\t\t<div class=\"elementor-toggle\">\n\t\t\t\t\t\t\t<div class=\"elementor-toggle-item\">\n\t\t\t\t\t<h4 id=\"elementor-tab-title-1891\" class=\"elementor-tab-title\" data-tab=\"1\" role=\"button\" aria-controls=\"elementor-tab-content-1891\" aria-expanded=\"false\">\n\t\t\t\t\t\t\t\t\t\t\t\t<span class=\"elementor-toggle-icon elementor-toggle-icon-right\" aria-hidden=\"true\">\n\t\t\t\t\t\t\t\t\t\t\t\t\t\t\t<span class=\"elementor-toggle-icon-closed\"><svg xmlns=\"http:\/\/www.w3.org\/2000\/svg\" id=\"b159ff04-3740-4ac3-96cc-b414ded50b3a\" data-name=\"Layer 1\" width=\"16\" height=\"16\" viewbox=\"0 0 16 16\"><polygon points=\"8.39 7.64 8.39 0 7.61 0 7.61 7.64 0 7.64 0 8.4 7.61 8.4 7.61 16 8.39 16 8.39 8.4 16 8.4 16 7.64 8.39 7.64\"><\/polygon><\/svg><\/span>\n\t\t\t\t\t\t\t\t<span class=\"elementor-toggle-icon-opened\"><svg xmlns=\"http:\/\/www.w3.org\/2000\/svg\" id=\"adf49d60-5815-4ece-8d49-00a021de5c06\" data-name=\"Layer 1\" width=\"16\" height=\"16\" viewbox=\"0 0 16 16\"><rect width=\"16\" height=\"16\" style=\"opacity:0\"><\/rect><rect y=\"7.64\" width=\"16\" height=\"0.76\"><\/rect><\/svg><\/span>\n\t\t\t\t\t\t\t\t\t\t\t\t\t<\/span>\n\t\t\t\t\t\t\t\t\t\t\t\t<a class=\"elementor-toggle-title\" tabindex=\"0\">Do you take photos only in Bratislava?<\/a>\n\t\t\t\t\t<\/h4>\n\n\t\t\t\t\t<div id=\"elementor-tab-content-1891\" class=\"elementor-tab-content elementor-clearfix\" data-tab=\"1\" role=\"region\" aria-labelledby=\"elementor-tab-title-1891\"><p>I preferably shoot in Bratislava, but I have no problem to come not only within Slovakia, but also abroad.<\/p><\/div>\n\t\t\t\t<\/div>\n\t\t\t\t\t\t\t<div class=\"elementor-toggle-item\">\n\t\t\t\t\t<h4 id=\"elementor-tab-title-1892\" class=\"elementor-tab-title\" data-tab=\"2\" role=\"button\" aria-controls=\"elementor-tab-content-1892\" aria-expanded=\"false\">\n\t\t\t\t\t\t\t\t\t\t\t\t<span class=\"elementor-toggle-icon elementor-toggle-icon-right\" aria-hidden=\"true\">\n\t\t\t\t\t\t\t\t\t\t\t\t\t\t\t<span class=\"elementor-toggle-icon-closed\"><svg xmlns=\"http:\/\/www.w3.org\/2000\/svg\" id=\"b159ff04-3740-4ac3-96cc-b414ded50b3a\" data-name=\"Layer 1\" width=\"16\" height=\"16\" viewbox=\"0 0 16 16\"><polygon points=\"8.39 7.64 8.39 0 7.61 0 7.61 7.64 0 7.64 0 8.4 7.61 8.4 7.61 16 8.39 16 8.39 8.4 16 8.4 16 7.64 8.39 7.64\"><\/polygon><\/svg><\/span>\n\t\t\t\t\t\t\t\t<span class=\"elementor-toggle-icon-opened\"><svg xmlns=\"http:\/\/www.w3.org\/2000\/svg\" id=\"adf49d60-5815-4ece-8d49-00a021de5c06\" data-name=\"Layer 1\" width=\"16\" height=\"16\" viewbox=\"0 0 16 16\"><rect width=\"16\" height=\"16\" style=\"opacity:0\"><\/rect><rect y=\"7.64\" width=\"16\" height=\"0.76\"><\/rect><\/svg><\/span>\n\t\t\t\t\t\t\t\t\t\t\t\t\t<\/span>\n\t\t\t\t\t\t\t\t\t\t\t\t<a class=\"elementor-toggle-title\" tabindex=\"0\">Can I also get to the raw versions of the photos?<\/a>\n\t\t\t\t\t<\/h4>\n\n\t\t\t\t\t<div id=\"elementor-tab-content-1892\" class=\"elementor-tab-content elementor-clearfix\" data-tab=\"2\" role=\"region\" aria-labelledby=\"elementor-tab-title-1892\"><p>Unfortunately no. I do not send raw versions of photos to clients.<\/p><\/div>\n\t\t\t\t<\/div>\n\t\t\t\t\t\t\t<div class=\"elementor-toggle-item\">\n\t\t\t\t\t<h4 id=\"elementor-tab-title-1893\" class=\"elementor-tab-title\" data-tab=\"3\" role=\"button\" aria-controls=\"elementor-tab-content-1893\" aria-expanded=\"false\">\n\t\t\t\t\t\t\t\t\t\t\t\t<span class=\"elementor-toggle-icon elementor-toggle-icon-right\" aria-hidden=\"true\">\n\t\t\t\t\t\t\t\t\t\t\t\t\t\t\t<span class=\"elementor-toggle-icon-closed\"><svg xmlns=\"http:\/\/www.w3.org\/2000\/svg\" id=\"b159ff04-3740-4ac3-96cc-b414ded50b3a\" data-name=\"Layer 1\" width=\"16\" height=\"16\" viewbox=\"0 0 16 16\"><polygon points=\"8.39 7.64 8.39 0 7.61 0 7.61 7.64 0 7.64 0 8.4 7.61 8.4 7.61 16 8.39 16 8.39 8.4 16 8.4 16 7.64 8.39 7.64\"><\/polygon><\/svg><\/span>\n\t\t\t\t\t\t\t\t<span class=\"elementor-toggle-icon-opened\"><svg xmlns=\"http:\/\/www.w3.org\/2000\/svg\" id=\"adf49d60-5815-4ece-8d49-00a021de5c06\" data-name=\"Layer 1\" width=\"16\" height=\"16\" viewbox=\"0 0 16 16\"><rect width=\"16\" height=\"16\" style=\"opacity:0\"><\/rect><rect y=\"7.64\" width=\"16\" height=\"0.76\"><\/rect><\/svg><\/span>\n\t\t\t\t\t\t\t\t\t\t\t\t\t<\/span>\n\t\t\t\t\t\t\t\t\t\t\t\t<a class=\"elementor-toggle-title\" tabindex=\"0\">Do I need to pay a deposit?<\/a>\n\t\t\t\t\t<\/h4>\n\n\t\t\t\t\t<div id=\"elementor-tab-content-1893\" class=\"elementor-tab-content elementor-clearfix\" data-tab=\"3\" role=\"region\" aria-labelledby=\"elementor-tab-title-1893\"><p>A booking fee is required for wedding photo shoots. For other photo shoots no deposit is required.<\/p><\/div>\n\t\t\t\t<\/div>\n\t\t\t\t\t\t\t<div class=\"elementor-toggle-item\">\n\t\t\t\t\t<h4 id=\"elementor-tab-title-1894\" class=\"elementor-tab-title\" data-tab=\"4\" role=\"button\" aria-controls=\"elementor-tab-content-1894\" aria-expanded=\"false\">\n\t\t\t\t\t\t\t\t\t\t\t\t<span class=\"elementor-toggle-icon elementor-toggle-icon-right\" aria-hidden=\"true\">\n\t\t\t\t\t\t\t\t\t\t\t\t\t\t\t<span class=\"elementor-toggle-icon-closed\"><svg xmlns=\"http:\/\/www.w3.org\/2000\/svg\" id=\"b159ff04-3740-4ac3-96cc-b414ded50b3a\" data-name=\"Layer 1\" width=\"16\" height=\"16\" viewbox=\"0 0 16 16\"><polygon points=\"8.39 7.64 8.39 0 7.61 0 7.61 7.64 0 7.64 0 8.4 7.61 8.4 7.61 16 8.39 16 8.39 8.4 16 8.4 16 7.64 8.39 7.64\"><\/polygon><\/svg><\/span>\n\t\t\t\t\t\t\t\t<span class=\"elementor-toggle-icon-opened\"><svg xmlns=\"http:\/\/www.w3.org\/2000\/svg\" id=\"adf49d60-5815-4ece-8d49-00a021de5c06\" data-name=\"Layer 1\" width=\"16\" height=\"16\" viewbox=\"0 0 16 16\"><rect width=\"16\" height=\"16\" style=\"opacity:0\"><\/rect><rect y=\"7.64\" width=\"16\" height=\"0.76\"><\/rect><\/svg><\/span>\n\t\t\t\t\t\t\t\t\t\t\t\t\t<\/span>\n\t\t\t\t\t\t\t\t\t\t\t\t<a class=\"elementor-toggle-title\" tabindex=\"0\">What is the procedure in case of dissatisfaction with the modification by the client?<\/a>\n\t\t\t\t\t<\/h4>\n\n\t\t\t\t\t<div id=\"elementor-tab-content-1894\" class=\"elementor-tab-content elementor-clearfix\" data-tab=\"4\" role=\"region\" aria-labelledby=\"elementor-tab-title-1894\"><p>When choosing a photographer, it is important to look at their editing style. Client satisfaction is paramount to me, which is why I try to offer clients other options that my editing style offers in the event of dissatisfaction.<\/p><\/div>\n\t\t\t\t<\/div>\n\t\t\t\t\t\t\t\t<\/div>\n\t\t\t\t\t\t<\/div>\n\t\t\t\t<\/div>\n\t\t\t\t<div class=\"elementor-element elementor-element-473824b elementor-widget__width-initial elementor-widget-tablet__width-inherit animated-slow elementor-invisible elementor-widget elementor-widget-toggle\" data-id=\"473824b\" data-element_type=\"widget\" data-settings=\"{&quot;_animation&quot;:&quot;fadeInUp&quot;,&quot;_animation_delay&quot;:400}\" data-widget_type=\"toggle.default\">\n\t\t\t\t<div class=\"elementor-widget-container\">\n\t\t\t\t\t\t\t<div class=\"elementor-toggle\">\n\t\t\t\t\t\t\t<div class=\"elementor-toggle-item\">\n\t\t\t\t\t<h4 id=\"elementor-tab-title-7461\" class=\"elementor-tab-title\" data-tab=\"1\" role=\"button\" aria-controls=\"elementor-tab-content-7461\" aria-expanded=\"false\">\n\t\t\t\t\t\t\t\t\t\t\t\t<span class=\"elementor-toggle-icon elementor-toggle-icon-right\" aria-hidden=\"true\">\n\t\t\t\t\t\t\t\t\t\t\t\t\t\t\t<span class=\"elementor-toggle-icon-closed\"><svg xmlns=\"http:\/\/www.w3.org\/2000\/svg\" id=\"b159ff04-3740-4ac3-96cc-b414ded50b3a\" data-name=\"Layer 1\" width=\"16\" height=\"16\" viewbox=\"0 0 16 16\"><polygon points=\"8.39 7.64 8.39 0 7.61 0 7.61 7.64 0 7.64 0 8.4 7.61 8.4 7.61 16 8.39 16 8.39 8.4 16 8.4 16 7.64 8.39 7.64\"><\/polygon><\/svg><\/span>\n\t\t\t\t\t\t\t\t<span class=\"elementor-toggle-icon-opened\"><svg xmlns=\"http:\/\/www.w3.org\/2000\/svg\" id=\"adf49d60-5815-4ece-8d49-00a021de5c06\" data-name=\"Layer 1\" width=\"16\" height=\"16\" viewbox=\"0 0 16 16\"><rect width=\"16\" height=\"16\" style=\"opacity:0\"><\/rect><rect y=\"7.64\" width=\"16\" height=\"0.76\"><\/rect><\/svg><\/span>\n\t\t\t\t\t\t\t\t\t\t\t\t\t<\/span>\n\t\t\t\t\t\t\t\t\t\t\t\t<a class=\"elementor-toggle-title\" tabindex=\"0\">What is the procedure if we have to cancel or reschedule a photo shoot?<\/a>\n\t\t\t\t\t<\/h4>\n\n\t\t\t\t\t<div id=\"elementor-tab-content-7461\" class=\"elementor-tab-content elementor-clearfix\" data-tab=\"1\" role=\"region\" aria-labelledby=\"elementor-tab-title-7461\"><p>Of course it is not a problem to cancel or reschedule a photo shoot. In this case, however, you need to write me this information as soon as possible. If there is a situation where the client cannot make it on the day, it's all about communication.\u00a0<\/p><\/div>\n\t\t\t\t<\/div>\n\t\t\t\t\t\t\t<div class=\"elementor-toggle-item\">\n\t\t\t\t\t<h4 id=\"elementor-tab-title-7462\" class=\"elementor-tab-title\" data-tab=\"2\" role=\"button\" aria-controls=\"elementor-tab-content-7462\" aria-expanded=\"false\">\n\t\t\t\t\t\t\t\t\t\t\t\t<span class=\"elementor-toggle-icon elementor-toggle-icon-right\" aria-hidden=\"true\">\n\t\t\t\t\t\t\t\t\t\t\t\t\t\t\t<span class=\"elementor-toggle-icon-closed\"><svg xmlns=\"http:\/\/www.w3.org\/2000\/svg\" id=\"b159ff04-3740-4ac3-96cc-b414ded50b3a\" data-name=\"Layer 1\" width=\"16\" height=\"16\" viewbox=\"0 0 16 16\"><polygon points=\"8.39 7.64 8.39 0 7.61 0 7.61 7.64 0 7.64 0 8.4 7.61 8.4 7.61 16 8.39 16 8.39 8.4 16 8.4 16 7.64 8.39 7.64\"><\/polygon><\/svg><\/span>\n\t\t\t\t\t\t\t\t<span class=\"elementor-toggle-icon-opened\"><svg xmlns=\"http:\/\/www.w3.org\/2000\/svg\" id=\"adf49d60-5815-4ece-8d49-00a021de5c06\" data-name=\"Layer 1\" width=\"16\" height=\"16\" viewbox=\"0 0 16 16\"><rect width=\"16\" height=\"16\" style=\"opacity:0\"><\/rect><rect y=\"7.64\" width=\"16\" height=\"0.76\"><\/rect><\/svg><\/span>\n\t\t\t\t\t\t\t\t\t\t\t\t\t<\/span>\n\t\t\t\t\t\t\t\t\t\t\t\t<a class=\"elementor-toggle-title\" tabindex=\"0\">Is it necessary to study the poses before the photo shoot?<\/a>\n\t\t\t\t\t<\/h4>\n\n\t\t\t\t\t<div id=\"elementor-tab-content-7462\" class=\"elementor-tab-content elementor-clearfix\" data-tab=\"2\" role=\"region\" aria-labelledby=\"elementor-tab-title-7462\"><p>I send guides to my clients before the shoot. Such a guide contains advice on which colours to choose for a given photo shoot, and which ones not to choose. It also includes poses that the client can preview beforehand. It is not a problem if the client does not remember the poses, as I mostly guide the clients during the photo shoot.<\/p><\/div>\n\t\t\t\t<\/div>\n\t\t\t\t\t\t\t\t<\/div>\n\t\t\t\t\t\t<\/div>\n\t\t\t\t<\/div>\n\t\t\t\t<\/div>\n\t\t\t\t\t<\/div>\n\t\t\t\t<\/div>\n\t\t\t\t<\/div>","protected":false},"excerpt":{"rendered":"<p>Do you take photos only in Bratislava? I primarily shoot in Bratislava, but I have no problem to come not only within Slovakia, but also abroad. Can I also get to the raw versions of the photos? Unfortunately no. I do not send raw versions of photos to clients. Is it necessary to pay a deposit? A booking fee is required for wedding photo shoots. For other photo shoots the deposit [...]<\/p>","protected":false},"author":1,"featured_media":0,"parent":0,"menu_order":0,"comment_status":"closed","ping_status":"closed","template":"","meta":{"footnotes":""},"class_list":["post-500","page","type-page","status-publish","hentry"],"blocksy_meta":[],"yoast_head":"<!-- This site is optimized with the Yoast SEO plugin v24.6 - https:\/\/yoast.com\/wordpress\/plugins\/seo\/ -->\n<title>FAQ &#8211; Nikolette Vykopalov\u00e1<\/title>\n<meta name=\"robots\" content=\"index, follow, max-snippet:-1, max-image-preview:large, max-video-preview:-1\" \/>\n<link rel=\"canonical\" href=\"https:\/\/www.nikolettephotography.sk\/en\/faq\/\" \/>\n<meta property=\"og:locale\" content=\"en_GB\" \/>\n<meta property=\"og:type\" content=\"article\" \/>\n<meta property=\"og:title\" content=\"FAQ &#8211; Nikolette Vykopalov\u00e1\" \/>\n<meta property=\"og:description\" content=\"Fot\u00edte iba v Bratislave? Prioritne fot\u00edm v Bratislave, ale po dohode nem\u00e1m probl\u00e9m pricestova\u0165 nielen v r\u00e1mci Slovenska, ale aj do zahrani\u010dia. Viem sa dosta\u0165 aj k surov\u00fdm verzi\u00e1m fotografi\u00ed? Bohu\u017eia\u013e nie. Surov\u00e9 verzie fotografi\u00ed klientom neposielam. Je potrebn\u00e9 zaplati\u0165 z\u00e1lohu? Pri svadobn\u00fdch foteniach je potrebn\u00e9 zaplati\u0165 rezerva\u010dn\u00fd poplatok. \u010co sa t\u00fdka ostatn\u00fdch foten\u00ed z\u00e1loha [&hellip;]\" \/>\n<meta property=\"og:url\" content=\"https:\/\/www.nikolettephotography.sk\/en\/faq\/\" \/>\n<meta property=\"og:site_name\" content=\"Nikolette Vykopalov\u00e1\" \/>\n<meta property=\"article:modified_time\" content=\"2024-09-27T14:52:48+00:00\" \/>\n<meta property=\"og:image\" content=\"https:\/\/www.nikolettephotography.sk\/wp-content\/uploads\/2023\/05\/nv1.jpg\" \/>\n\t<meta property=\"og:image:width\" content=\"1325\" \/>\n\t<meta property=\"og:image:height\" content=\"745\" \/>\n\t<meta property=\"og:image:type\" content=\"image\/jpeg\" \/>\n<meta name=\"twitter:card\" content=\"summary_large_image\" \/>\n<meta name=\"twitter:label1\" content=\"Estimated reading time\" \/>\n\t<meta name=\"twitter:data1\" content=\"2 minutes\" \/>\n<script type=\"application\/ld+json\" class=\"yoast-schema-graph\">{\"@context\":\"https:\/\/schema.org\",\"@graph\":[{\"@type\":\"WebPage\",\"@id\":\"https:\/\/www.nikolettephotography.sk\/faq\/\",\"url\":\"https:\/\/www.nikolettephotography.sk\/faq\/\",\"name\":\"FAQ &#8211; Nikolette Vykopalov\u00e1\",\"isPartOf\":{\"@id\":\"https:\/\/www.nikolettephotography.sk\/#website\"},\"datePublished\":\"2023-06-03T17:40:18+00:00\",\"dateModified\":\"2024-09-27T14:52:48+00:00\",\"breadcrumb\":{\"@id\":\"https:\/\/www.nikolettephotography.sk\/faq\/#breadcrumb\"},\"inLanguage\":\"en-GB\",\"potentialAction\":[{\"@type\":\"ReadAction\",\"target\":[\"https:\/\/www.nikolettephotography.sk\/faq\/\"]}]},{\"@type\":\"BreadcrumbList\",\"@id\":\"https:\/\/www.nikolettephotography.sk\/faq\/#breadcrumb\",\"itemListElement\":[{\"@type\":\"ListItem\",\"position\":1,\"name\":\"Domov\",\"item\":\"https:\/\/www.nikolettephotography.sk\/\"},{\"@type\":\"ListItem\",\"position\":2,\"name\":\"FAQ\"}]},{\"@type\":\"WebSite\",\"@id\":\"https:\/\/www.nikolettephotography.sk\/#website\",\"url\":\"https:\/\/www.nikolettephotography.sk\/\",\"name\":\"Nikolette Vykopalov\u00e1\",\"description\":\"Photography\",\"publisher\":{\"@id\":\"https:\/\/www.nikolettephotography.sk\/#\/schema\/person\/33d2232462b9143ccfaa7406f2d9a554\"},\"potentialAction\":[{\"@type\":\"SearchAction\",\"target\":{\"@type\":\"EntryPoint\",\"urlTemplate\":\"https:\/\/www.nikolettephotography.sk\/?s={search_term_string}\"},\"query-input\":{\"@type\":\"PropertyValueSpecification\",\"valueRequired\":true,\"valueName\":\"search_term_string\"}}],\"inLanguage\":\"en-GB\"},{\"@type\":[\"Person\",\"Organization\"],\"@id\":\"https:\/\/www.nikolettephotography.sk\/#\/schema\/person\/33d2232462b9143ccfaa7406f2d9a554\",\"name\":\"Nikolette Vykopalov\u00e1\",\"image\":{\"@type\":\"ImageObject\",\"inLanguage\":\"en-GB\",\"@id\":\"https:\/\/www.nikolettephotography.sk\/#\/schema\/person\/image\/\",\"url\":\"https:\/\/www.nikolettephotography.sk\/wp-content\/uploads\/2023\/06\/Asset-2.jpg\",\"contentUrl\":\"https:\/\/www.nikolettephotography.sk\/wp-content\/uploads\/2023\/06\/Asset-2.jpg\",\"width\":900,\"height\":900,\"caption\":\"Nikolette Vykopalov\u00e1\"},\"logo\":{\"@id\":\"https:\/\/www.nikolettephotography.sk\/#\/schema\/person\/image\/\"}}]}<\/script>\n<!-- \/ Yoast SEO plugin. -->","yoast_head_json":{"title":"FAQ &#8211; Nikolette Vykopalov\u00e1","robots":{"index":"index","follow":"follow","max-snippet":"max-snippet:-1","max-image-preview":"max-image-preview:large","max-video-preview":"max-video-preview:-1"},"canonical":"https:\/\/www.nikolettephotography.sk\/en\/faq\/","og_locale":"en_GB","og_type":"article","og_title":"FAQ &#8211; Nikolette Vykopalov\u00e1","og_description":"Fot\u00edte iba v Bratislave? Prioritne fot\u00edm v Bratislave, ale po dohode nem\u00e1m probl\u00e9m pricestova\u0165 nielen v r\u00e1mci Slovenska, ale aj do zahrani\u010dia. Viem sa dosta\u0165 aj k surov\u00fdm verzi\u00e1m fotografi\u00ed? Bohu\u017eia\u013e nie. Surov\u00e9 verzie fotografi\u00ed klientom neposielam. Je potrebn\u00e9 zaplati\u0165 z\u00e1lohu? Pri svadobn\u00fdch foteniach je potrebn\u00e9 zaplati\u0165 rezerva\u010dn\u00fd poplatok. \u010co sa t\u00fdka ostatn\u00fdch foten\u00ed z\u00e1loha [&hellip;]","og_url":"https:\/\/www.nikolettephotography.sk\/en\/faq\/","og_site_name":"Nikolette Vykopalov\u00e1","article_modified_time":"2024-09-27T14:52:48+00:00","og_image":[{"width":1325,"height":745,"url":"https:\/\/www.nikolettephotography.sk\/wp-content\/uploads\/2023\/05\/nv1.jpg","type":"image\/jpeg"}],"twitter_card":"summary_large_image","twitter_misc":{"Estimated reading time":"2 minutes"},"schema":{"@context":"https:\/\/schema.org","@graph":[{"@type":"WebPage","@id":"https:\/\/www.nikolettephotography.sk\/faq\/","url":"https:\/\/www.nikolettephotography.sk\/faq\/","name":"FAQ &#8211; Nikolette Vykopalov\u00e1","isPartOf":{"@id":"https:\/\/www.nikolettephotography.sk\/#website"},"datePublished":"2023-06-03T17:40:18+00:00","dateModified":"2024-09-27T14:52:48+00:00","breadcrumb":{"@id":"https:\/\/www.nikolettephotography.sk\/faq\/#breadcrumb"},"inLanguage":"en-GB","potentialAction":[{"@type":"ReadAction","target":["https:\/\/www.nikolettephotography.sk\/faq\/"]}]},{"@type":"BreadcrumbList","@id":"https:\/\/www.nikolettephotography.sk\/faq\/#breadcrumb","itemListElement":[{"@type":"ListItem","position":1,"name":"Domov","item":"https:\/\/www.nikolettephotography.sk\/"},{"@type":"ListItem","position":2,"name":"FAQ"}]},{"@type":"WebSite","@id":"https:\/\/www.nikolettephotography.sk\/#website","url":"https:\/\/www.nikolettephotography.sk\/","name":"Nikolette Vykopalov\u00e1","description":"Photography","publisher":{"@id":"https:\/\/www.nikolettephotography.sk\/#\/schema\/person\/33d2232462b9143ccfaa7406f2d9a554"},"potentialAction":[{"@type":"SearchAction","target":{"@type":"EntryPoint","urlTemplate":"https:\/\/www.nikolettephotography.sk\/?s={search_term_string}"},"query-input":{"@type":"PropertyValueSpecification","valueRequired":true,"valueName":"search_term_string"}}],"inLanguage":"en-GB"},{"@type":["Person","Organization"],"@id":"https:\/\/www.nikolettephotography.sk\/#\/schema\/person\/33d2232462b9143ccfaa7406f2d9a554","name":"Nikolette Vykopalov\u00e1","image":{"@type":"ImageObject","inLanguage":"en-GB","@id":"https:\/\/www.nikolettephotography.sk\/#\/schema\/person\/image\/","url":"https:\/\/www.nikolettephotography.sk\/wp-content\/uploads\/2023\/06\/Asset-2.jpg","contentUrl":"https:\/\/www.nikolettephotography.sk\/wp-content\/uploads\/2023\/06\/Asset-2.jpg","width":900,"height":900,"caption":"Nikolette Vykopalov\u00e1"},"logo":{"@id":"https:\/\/www.nikolettephotography.sk\/#\/schema\/person\/image\/"}}]}},"_links":{"self":[{"href":"https:\/\/www.nikolettephotography.sk\/en\/wp-json\/wp\/v2\/pages\/500","targetHints":{"allow":["GET"]}}],"collection":[{"href":"https:\/\/www.nikolettephotography.sk\/en\/wp-json\/wp\/v2\/pages"}],"about":[{"href":"https:\/\/www.nikolettephotography.sk\/en\/wp-json\/wp\/v2\/types\/page"}],"author":[{"embeddable":true,"href":"https:\/\/www.nikolettephotography.sk\/en\/wp-json\/wp\/v2\/users\/1"}],"replies":[{"embeddable":true,"href":"https:\/\/www.nikolettephotography.sk\/en\/wp-json\/wp\/v2\/comments?post=500"}],"version-history":[{"count":6,"href":"https:\/\/www.nikolettephotography.sk\/en\/wp-json\/wp\/v2\/pages\/500\/revisions"}],"predecessor-version":[{"id":2662,"href":"https:\/\/www.nikolettephotography.sk\/en\/wp-json\/wp\/v2\/pages\/500\/revisions\/2662"}],"wp:attachment":[{"href":"https:\/\/www.nikolettephotography.sk\/en\/wp-json\/wp\/v2\/media?parent=500"}],"curies":[{"name":"wp","href":"https:\/\/api.w.org\/{rel}","templated":true}]}}