{"id":3269,"date":"2025-03-08T13:47:14","date_gmt":"2025-03-08T12:47:14","guid":{"rendered":"https:\/\/www.nikolettephotography.sk\/?page_id=3269"},"modified":"2025-03-08T14:37:29","modified_gmt":"2025-03-08T13:37:29","slug":"videoprodukcia","status":"publish","type":"page","link":"https:\/\/www.nikolettephotography.sk\/en\/videoprodukcia\/","title":{"rendered":"Video production"},"content":{"rendered":"<div data-elementor-type=\"wp-page\" data-elementor-id=\"3269\" class=\"elementor elementor-3269\" data-elementor-post-type=\"page\">\n\t\t\t\t<div class=\"elementor-element elementor-element-a637a52 e-flex e-con-boxed e-con e-parent\" data-id=\"a637a52\" data-element_type=\"container\" data-settings=\"{&quot;background_background&quot;:&quot;classic&quot;}\">\n\t\t\t\t\t<div class=\"e-con-inner\">\n\t\t\t\t<div class=\"elementor-element elementor-element-fced190 animated-slow elementor-invisible elementor-widget elementor-widget-text-editor\" data-id=\"fced190\" data-element_type=\"widget\" data-settings=\"{&quot;_animation&quot;:&quot;fadeIn&quot;,&quot;_animation_delay&quot;:800}\" data-widget_type=\"text-editor.default\">\n\t\t\t\t<div class=\"elementor-widget-container\">\n\t\t\t\t\t\t\t\t\t<h3>Do you have a product you want to present in the form of a video?<\/h3><p>You can come up with your own idea or we can come up with one together. This is a very specific area that requires a tailor-made quote. If you are interested in a customized quote please contact me by email.<\/p>\t\t\t\t\t\t\t\t<\/div>\n\t\t\t\t<\/div>\n\t\t\t\t\t<\/div>\n\t\t\t\t<\/div>\n\t\t<div class=\"elementor-element elementor-element-e86ea9b e-flex e-con-boxed e-con e-parent\" data-id=\"e86ea9b\" data-element_type=\"container\" data-settings=\"{&quot;background_background&quot;:&quot;classic&quot;}\">\n\t\t\t\t\t<div class=\"e-con-inner\">\n\t\t\t\t<div class=\"elementor-element elementor-element-74acf4e elementor-widget elementor-widget-video\" data-id=\"74acf4e\" data-element_type=\"widget\" data-settings=\"{&quot;video_type&quot;:&quot;hosted&quot;,&quot;controls&quot;:&quot;yes&quot;}\" data-widget_type=\"video.default\">\n\t\t\t\t<div class=\"elementor-widget-container\">\n\t\t\t\t\t\t\t<div class=\"e-hosted-video elementor-wrapper elementor-open-inline\">\n\t\t\t\t\t<video class=\"elementor-video\" src=\"https:\/\/www.nikolettephotography.sk\/wp-content\/uploads\/2025\/03\/S-P-final.mov\" controls=\"\" preload=\"metadata\" controlslist=\"nodownload\"><\/video>\n\t\t\t\t<\/div>\n\t\t\t\t\t\t<\/div>\n\t\t\t\t<\/div>\n\t\t\t\t\t<\/div>\n\t\t\t\t<\/div>\n\t\t<div class=\"elementor-element elementor-element-f8c6159 e-flex e-con-boxed e-con e-parent\" data-id=\"f8c6159\" data-element_type=\"container\" data-settings=\"{&quot;background_background&quot;:&quot;classic&quot;}\">\n\t\t\t\t\t<div class=\"e-con-inner\">\n\t\t\t\t<div class=\"elementor-element elementor-element-3c69489 elementor-widget elementor-widget-video\" data-id=\"3c69489\" data-element_type=\"widget\" data-settings=\"{&quot;video_type&quot;:&quot;hosted&quot;,&quot;controls&quot;:&quot;yes&quot;}\" data-widget_type=\"video.default\">\n\t\t\t\t<div class=\"elementor-widget-container\">\n\t\t\t\t\t\t\t<div class=\"e-hosted-video elementor-wrapper elementor-open-inline\">\n\t\t\t\t\t<video class=\"elementor-video\" src=\"https:\/\/www.nikolettephotography.sk\/wp-content\/uploads\/2024\/03\/dd979523-17bf-4e13-928f-2bd59fda07d6.mp4\" controls=\"\" preload=\"metadata\" controlslist=\"nodownload\"><\/video>\n\t\t\t\t<\/div>\n\t\t\t\t\t\t<\/div>\n\t\t\t\t<\/div>\n\t\t\t\t<div class=\"elementor-element elementor-element-e3c5e52 elementor-widget elementor-widget-video\" data-id=\"e3c5e52\" data-element_type=\"widget\" data-settings=\"{&quot;video_type&quot;:&quot;hosted&quot;,&quot;controls&quot;:&quot;yes&quot;}\" data-widget_type=\"video.default\">\n\t\t\t\t<div class=\"elementor-widget-container\">\n\t\t\t\t\t\t\t<div class=\"e-hosted-video elementor-wrapper elementor-open-inline\">\n\t\t\t\t\t<video class=\"elementor-video\" src=\"https:\/\/www.nikolettephotography.sk\/wp-content\/uploads\/2024\/03\/09a58965-3ac8-4cd7-b564-a37fabd188e0.mp4\" controls=\"\" preload=\"metadata\" controlslist=\"nodownload\"><\/video>\n\t\t\t\t<\/div>\n\t\t\t\t\t\t<\/div>\n\t\t\t\t<\/div>\n\t\t\t\t\t<\/div>\n\t\t\t\t<\/div>\n\t\t<div class=\"elementor-element elementor-element-acf3759 e-flex e-con-boxed e-con e-parent\" data-id=\"acf3759\" data-element_type=\"container\" data-settings=\"{&quot;background_background&quot;:&quot;classic&quot;}\">\n\t\t\t\t\t<div class=\"e-con-inner\">\n\t\t\t\t<div class=\"elementor-element elementor-element-d78f32c elementor-widget elementor-widget-video\" data-id=\"d78f32c\" data-element_type=\"widget\" data-settings=\"{&quot;video_type&quot;:&quot;hosted&quot;,&quot;controls&quot;:&quot;yes&quot;}\" data-widget_type=\"video.default\">\n\t\t\t\t<div class=\"elementor-widget-container\">\n\t\t\t\t\t\t\t<div class=\"e-hosted-video elementor-wrapper elementor-open-inline\">\n\t\t\t\t\t<video class=\"elementor-video\" src=\"https:\/\/www.nikolettephotography.sk\/wp-content\/uploads\/2025\/03\/08.11.2025.mp4\" controls=\"\" preload=\"metadata\" controlslist=\"nodownload\"><\/video>\n\t\t\t\t<\/div>\n\t\t\t\t\t\t<\/div>\n\t\t\t\t<\/div>\n\t\t\t\t\t<\/div>\n\t\t\t\t<\/div>\n\t\t\t\t<\/div>","protected":false},"excerpt":{"rendered":"<p>Do you have a product you want to present in the form of a video? You can come up with your own idea or we can come up with it together. This is a very specific area that requires a tailor-made quote. If you are interested in a customized quote please contact me by email. https:\/\/www.nikolettephotography.sk\/wp-content\/uploads\/2025\/03\/S-P-final.movhttps:\/\/www.nikolettephotography.sk\/wp-content\/uploads\/2024\/03\/dd979523-17bf-4e13-928f-2bd59fda07d6.mp4https:\/\/www.nikolettephotography.sk\/wp-content\/uploads\/2024\/03\/09a58965-3ac8-4cd7-b564-a37fabd188e0.mp4https:\/\/www.nikolettephotography.sk\/wp-content\/uploads\/2025\/03\/08.11.2025.mp4<\/p>","protected":false},"author":1,"featured_media":0,"parent":0,"menu_order":0,"comment_status":"closed","ping_status":"closed","template":"","meta":{"footnotes":""},"class_list":["post-3269","page","type-page","status-publish","hentry"],"blocksy_meta":{"has_hero_section":"default","vertical_spacing_source":"custom","content_area_spacing":"none","styles_descriptor":{"styles":{"desktop":"","tablet":"","mobile":""},"google_fonts":[],"version":6}},"yoast_head":"<!-- This site is optimized with the Yoast SEO plugin v24.6 - https:\/\/yoast.com\/wordpress\/plugins\/seo\/ -->\n<title>Videoprodukcia &#8211; Nikolette Vykopalov\u00e1<\/title>\n<meta name=\"robots\" content=\"index, follow, max-snippet:-1, max-image-preview:large, max-video-preview:-1\" \/>\n<link rel=\"canonical\" href=\"https:\/\/www.nikolettephotography.sk\/en\/videoprodukcia\/\" \/>\n<meta property=\"og:locale\" content=\"en_GB\" \/>\n<meta property=\"og:type\" content=\"article\" \/>\n<meta property=\"og:title\" content=\"Videoprodukcia &#8211; Nikolette Vykopalov\u00e1\" \/>\n<meta property=\"og:description\" content=\"M\u00e1te produkt, ktor\u00fd chcete odprezentova\u0165 vo forme videa? M\u00f4\u017eete pr\u00eds\u0165 s vlastn\u00fdm n\u00e1padom alebo ho vymysl\u00edme spolu. Ide o ve\u013emi \u0161pecifick\u00fa oblas\u0165, ktor\u00e1 si \u017eiada cenov\u00fa ponuku prisp\u00f4soben\u00fa na mieru. Ak m\u00e1te z\u00e1ujem o cenov\u00fa ponuku na mieru kontaktujte ma mailom. https:\/\/www.nikolettephotography.sk\/wp-content\/uploads\/2025\/03\/S-P-final.movhttps:\/\/www.nikolettephotography.sk\/wp-content\/uploads\/2024\/03\/dd979523-17bf-4e13-928f-2bd59fda07d6.mp4https:\/\/www.nikolettephotography.sk\/wp-content\/uploads\/2024\/03\/09a58965-3ac8-4cd7-b564-a37fabd188e0.mp4https:\/\/www.nikolettephotography.sk\/wp-content\/uploads\/2025\/03\/08.11.2025.mp4\" \/>\n<meta property=\"og:url\" content=\"https:\/\/www.nikolettephotography.sk\/en\/videoprodukcia\/\" \/>\n<meta property=\"og:site_name\" content=\"Nikolette Vykopalov\u00e1\" \/>\n<meta property=\"article:modified_time\" content=\"2025-03-08T13:37:29+00:00\" \/>\n<meta property=\"og:image\" content=\"https:\/\/www.nikolettephotography.sk\/wp-content\/uploads\/2023\/05\/nv1.jpg\" \/>\n\t<meta property=\"og:image:width\" content=\"1325\" \/>\n\t<meta property=\"og:image:height\" content=\"745\" \/>\n\t<meta property=\"og:image:type\" content=\"image\/jpeg\" \/>\n<meta name=\"twitter:card\" content=\"summary_large_image\" \/>\n<meta name=\"twitter:label1\" content=\"Estimated reading time\" \/>\n\t<meta name=\"twitter:data1\" content=\"1 minute\" \/>\n<script type=\"application\/ld+json\" class=\"yoast-schema-graph\">{\"@context\":\"https:\/\/schema.org\",\"@graph\":[{\"@type\":\"WebPage\",\"@id\":\"https:\/\/www.nikolettephotography.sk\/videoprodukcia\/\",\"url\":\"https:\/\/www.nikolettephotography.sk\/videoprodukcia\/\",\"name\":\"Videoprodukcia &#8211; Nikolette Vykopalov\u00e1\",\"isPartOf\":{\"@id\":\"https:\/\/www.nikolettephotography.sk\/#website\"},\"datePublished\":\"2025-03-08T12:47:14+00:00\",\"dateModified\":\"2025-03-08T13:37:29+00:00\",\"breadcrumb\":{\"@id\":\"https:\/\/www.nikolettephotography.sk\/videoprodukcia\/#breadcrumb\"},\"inLanguage\":\"en-GB\",\"potentialAction\":[{\"@type\":\"ReadAction\",\"target\":[\"https:\/\/www.nikolettephotography.sk\/videoprodukcia\/\"]}]},{\"@type\":\"BreadcrumbList\",\"@id\":\"https:\/\/www.nikolettephotography.sk\/videoprodukcia\/#breadcrumb\",\"itemListElement\":[{\"@type\":\"ListItem\",\"position\":1,\"name\":\"Domov\",\"item\":\"https:\/\/www.nikolettephotography.sk\/\"},{\"@type\":\"ListItem\",\"position\":2,\"name\":\"Videoprodukcia\"}]},{\"@type\":\"WebSite\",\"@id\":\"https:\/\/www.nikolettephotography.sk\/#website\",\"url\":\"https:\/\/www.nikolettephotography.sk\/\",\"name\":\"Nikolette Vykopalov\u00e1\",\"description\":\"Photography\",\"publisher\":{\"@id\":\"https:\/\/www.nikolettephotography.sk\/#\/schema\/person\/33d2232462b9143ccfaa7406f2d9a554\"},\"potentialAction\":[{\"@type\":\"SearchAction\",\"target\":{\"@type\":\"EntryPoint\",\"urlTemplate\":\"https:\/\/www.nikolettephotography.sk\/?s={search_term_string}\"},\"query-input\":{\"@type\":\"PropertyValueSpecification\",\"valueRequired\":true,\"valueName\":\"search_term_string\"}}],\"inLanguage\":\"en-GB\"},{\"@type\":[\"Person\",\"Organization\"],\"@id\":\"https:\/\/www.nikolettephotography.sk\/#\/schema\/person\/33d2232462b9143ccfaa7406f2d9a554\",\"name\":\"Nikolette Vykopalov\u00e1\",\"image\":{\"@type\":\"ImageObject\",\"inLanguage\":\"en-GB\",\"@id\":\"https:\/\/www.nikolettephotography.sk\/#\/schema\/person\/image\/\",\"url\":\"https:\/\/www.nikolettephotography.sk\/wp-content\/uploads\/2023\/06\/Asset-2.jpg\",\"contentUrl\":\"https:\/\/www.nikolettephotography.sk\/wp-content\/uploads\/2023\/06\/Asset-2.jpg\",\"width\":900,\"height\":900,\"caption\":\"Nikolette Vykopalov\u00e1\"},\"logo\":{\"@id\":\"https:\/\/www.nikolettephotography.sk\/#\/schema\/person\/image\/\"}}]}<\/script>\n<!-- \/ Yoast SEO plugin. -->","yoast_head_json":{"title":"Videoprodukcia &#8211; Nikolette Vykopalov\u00e1","robots":{"index":"index","follow":"follow","max-snippet":"max-snippet:-1","max-image-preview":"max-image-preview:large","max-video-preview":"max-video-preview:-1"},"canonical":"https:\/\/www.nikolettephotography.sk\/en\/videoprodukcia\/","og_locale":"en_GB","og_type":"article","og_title":"Videoprodukcia &#8211; Nikolette Vykopalov\u00e1","og_description":"M\u00e1te produkt, ktor\u00fd chcete odprezentova\u0165 vo forme videa? M\u00f4\u017eete pr\u00eds\u0165 s vlastn\u00fdm n\u00e1padom alebo ho vymysl\u00edme spolu. Ide o ve\u013emi \u0161pecifick\u00fa oblas\u0165, ktor\u00e1 si \u017eiada cenov\u00fa ponuku prisp\u00f4soben\u00fa na mieru. Ak m\u00e1te z\u00e1ujem o cenov\u00fa ponuku na mieru kontaktujte ma mailom. https:\/\/www.nikolettephotography.sk\/wp-content\/uploads\/2025\/03\/S-P-final.movhttps:\/\/www.nikolettephotography.sk\/wp-content\/uploads\/2024\/03\/dd979523-17bf-4e13-928f-2bd59fda07d6.mp4https:\/\/www.nikolettephotography.sk\/wp-content\/uploads\/2024\/03\/09a58965-3ac8-4cd7-b564-a37fabd188e0.mp4https:\/\/www.nikolettephotography.sk\/wp-content\/uploads\/2025\/03\/08.11.2025.mp4","og_url":"https:\/\/www.nikolettephotography.sk\/en\/videoprodukcia\/","og_site_name":"Nikolette Vykopalov\u00e1","article_modified_time":"2025-03-08T13:37:29+00:00","og_image":[{"width":1325,"height":745,"url":"https:\/\/www.nikolettephotography.sk\/wp-content\/uploads\/2023\/05\/nv1.jpg","type":"image\/jpeg"}],"twitter_card":"summary_large_image","twitter_misc":{"Estimated reading time":"1 minute"},"schema":{"@context":"https:\/\/schema.org","@graph":[{"@type":"WebPage","@id":"https:\/\/www.nikolettephotography.sk\/videoprodukcia\/","url":"https:\/\/www.nikolettephotography.sk\/videoprodukcia\/","name":"Videoprodukcia &#8211; Nikolette Vykopalov\u00e1","isPartOf":{"@id":"https:\/\/www.nikolettephotography.sk\/#website"},"datePublished":"2025-03-08T12:47:14+00:00","dateModified":"2025-03-08T13:37:29+00:00","breadcrumb":{"@id":"https:\/\/www.nikolettephotography.sk\/videoprodukcia\/#breadcrumb"},"inLanguage":"en-GB","potentialAction":[{"@type":"ReadAction","target":["https:\/\/www.nikolettephotography.sk\/videoprodukcia\/"]}]},{"@type":"BreadcrumbList","@id":"https:\/\/www.nikolettephotography.sk\/videoprodukcia\/#breadcrumb","itemListElement":[{"@type":"ListItem","position":1,"name":"Domov","item":"https:\/\/www.nikolettephotography.sk\/"},{"@type":"ListItem","position":2,"name":"Videoprodukcia"}]},{"@type":"WebSite","@id":"https:\/\/www.nikolettephotography.sk\/#website","url":"https:\/\/www.nikolettephotography.sk\/","name":"Nikolette Vykopalov\u00e1","description":"Photography","publisher":{"@id":"https:\/\/www.nikolettephotography.sk\/#\/schema\/person\/33d2232462b9143ccfaa7406f2d9a554"},"potentialAction":[{"@type":"SearchAction","target":{"@type":"EntryPoint","urlTemplate":"https:\/\/www.nikolettephotography.sk\/?s={search_term_string}"},"query-input":{"@type":"PropertyValueSpecification","valueRequired":true,"valueName":"search_term_string"}}],"inLanguage":"en-GB"},{"@type":["Person","Organization"],"@id":"https:\/\/www.nikolettephotography.sk\/#\/schema\/person\/33d2232462b9143ccfaa7406f2d9a554","name":"Nikolette Vykopalov\u00e1","image":{"@type":"ImageObject","inLanguage":"en-GB","@id":"https:\/\/www.nikolettephotography.sk\/#\/schema\/person\/image\/","url":"https:\/\/www.nikolettephotography.sk\/wp-content\/uploads\/2023\/06\/Asset-2.jpg","contentUrl":"https:\/\/www.nikolettephotography.sk\/wp-content\/uploads\/2023\/06\/Asset-2.jpg","width":900,"height":900,"caption":"Nikolette Vykopalov\u00e1"},"logo":{"@id":"https:\/\/www.nikolettephotography.sk\/#\/schema\/person\/image\/"}}]}},"_links":{"self":[{"href":"https:\/\/www.nikolettephotography.sk\/en\/wp-json\/wp\/v2\/pages\/3269","targetHints":{"allow":["GET"]}}],"collection":[{"href":"https:\/\/www.nikolettephotography.sk\/en\/wp-json\/wp\/v2\/pages"}],"about":[{"href":"https:\/\/www.nikolettephotography.sk\/en\/wp-json\/wp\/v2\/types\/page"}],"author":[{"embeddable":true,"href":"https:\/\/www.nikolettephotography.sk\/en\/wp-json\/wp\/v2\/users\/1"}],"replies":[{"embeddable":true,"href":"https:\/\/www.nikolettephotography.sk\/en\/wp-json\/wp\/v2\/comments?post=3269"}],"version-history":[{"count":6,"href":"https:\/\/www.nikolettephotography.sk\/en\/wp-json\/wp\/v2\/pages\/3269\/revisions"}],"predecessor-version":[{"id":3285,"href":"https:\/\/www.nikolettephotography.sk\/en\/wp-json\/wp\/v2\/pages\/3269\/revisions\/3285"}],"wp:attachment":[{"href":"https:\/\/www.nikolettephotography.sk\/en\/wp-json\/wp\/v2\/media?parent=3269"}],"curies":[{"name":"wp","href":"https:\/\/api.w.org\/{rel}","templated":true}]}}