{"id":305,"date":"2023-05-31T15:03:02","date_gmt":"2023-05-31T13:03:02","guid":{"rendered":"https:\/\/www.nikolettephotography.sk\/?page_id=305"},"modified":"2024-04-23T17:25:41","modified_gmt":"2024-04-23T15:25:41","slug":"kontakt","status":"publish","type":"page","link":"https:\/\/www.nikolettephotography.sk\/en\/kontakt\/","title":{"rendered":"Contact"},"content":{"rendered":"<div data-elementor-type=\"wp-page\" data-elementor-id=\"305\" class=\"elementor elementor-305\" data-elementor-post-type=\"page\">\n\t\t\t\t<div class=\"elementor-element elementor-element-391aa7e e-con-full e-flex e-con e-parent\" data-id=\"391aa7e\" data-element_type=\"container\" data-settings=\"{&quot;background_background&quot;:&quot;classic&quot;}\">\n\t\t\t\t<\/div>\n\t\t<div class=\"elementor-element elementor-element-a613214 e-flex e-con-boxed e-con e-parent\" data-id=\"a613214\" data-element_type=\"container\">\n\t\t\t\t\t<div class=\"e-con-inner\">\n\t\t<div class=\"elementor-element elementor-element-ec09dcc e-con-full e-flex e-con e-child\" data-id=\"ec09dcc\" data-element_type=\"container\">\n\t\t<a class=\"elementor-element elementor-element-6f37cdb e-con-full e-transform e-flex e-con e-child\" data-id=\"6f37cdb\" data-element_type=\"container\" data-settings=\"{&quot;background_background&quot;:&quot;classic&quot;,&quot;_transform_translateY_effect_hover&quot;:{&quot;unit&quot;:&quot;px&quot;,&quot;size&quot;:-4,&quot;sizes&quot;:[]},&quot;_transform_translateX_effect_hover&quot;:{&quot;unit&quot;:&quot;px&quot;,&quot;size&quot;:&quot;&quot;,&quot;sizes&quot;:[]},&quot;_transform_translateX_effect_hover_tablet&quot;:{&quot;unit&quot;:&quot;px&quot;,&quot;size&quot;:&quot;&quot;,&quot;sizes&quot;:[]},&quot;_transform_translateX_effect_hover_mobile&quot;:{&quot;unit&quot;:&quot;px&quot;,&quot;size&quot;:&quot;&quot;,&quot;sizes&quot;:[]},&quot;_transform_translateY_effect_hover_tablet&quot;:{&quot;unit&quot;:&quot;px&quot;,&quot;size&quot;:&quot;&quot;,&quot;sizes&quot;:[]},&quot;_transform_translateY_effect_hover_mobile&quot;:{&quot;unit&quot;:&quot;px&quot;,&quot;size&quot;:&quot;&quot;,&quot;sizes&quot;:[]}}\" href=\"https:\/\/www.instagram.com\/nikolette.photography\/\" target=\"_blank\">\n\t\t<div class=\"elementor-element elementor-element-59ae49e e-flex e-con-boxed e-con e-child\" data-id=\"59ae49e\" data-element_type=\"container\">\n\t\t\t\t\t<div class=\"e-con-inner\">\n\t\t\t\t<div class=\"elementor-element elementor-element-1858ad5 elementor-widget elementor-widget-heading\" data-id=\"1858ad5\" data-element_type=\"widget\" data-widget_type=\"heading.default\">\n\t\t\t\t<div class=\"elementor-widget-container\">\n\t\t\t\t\t<h2 class=\"elementor-heading-title elementor-size-default\"><i>Instagram<\/i><\/h2>\t\t\t\t<\/div>\n\t\t\t\t<\/div>\n\t\t\t\t<div class=\"elementor-element elementor-element-616b0b7 elementor-view-framed elementor-shape-circle elementor-widget elementor-widget-icon\" data-id=\"616b0b7\" data-element_type=\"widget\" data-widget_type=\"icon.default\">\n\t\t\t\t<div class=\"elementor-widget-container\">\n\t\t\t\t\t\t\t<div class=\"elementor-icon-wrapper\">\n\t\t\t<div class=\"elementor-icon\">\n\t\t\t<svg xmlns=\"http:\/\/www.w3.org\/2000\/svg\" height=\"48\" viewbox=\"0 -960 960 960\" width=\"48\"><path d=\"m202-160-42-42 498-498H364v-60h396v396h-60v-294L202-160Z\"><\/path><\/svg>\t\t\t<\/div>\n\t\t<\/div>\n\t\t\t\t\t\t<\/div>\n\t\t\t\t<\/div>\n\t\t\t\t\t<\/div>\n\t\t\t\t<\/div>\n\t\t\t\t<div class=\"elementor-element elementor-element-be97a01 elementor-widget elementor-widget-heading\" data-id=\"be97a01\" data-element_type=\"widget\" data-widget_type=\"heading.default\">\n\t\t\t\t<div class=\"elementor-widget-container\">\n\t\t\t\t\t<h5 class=\"elementor-heading-title elementor-size-default\">@nikolette.photography<\/h5>\t\t\t\t<\/div>\n\t\t\t\t<\/div>\n\t\t\t\t<\/a>\n\t\t<a class=\"elementor-element elementor-element-7fb73ec e-con-full e-transform e-flex e-con e-child\" data-id=\"7fb73ec\" data-element_type=\"container\" data-settings=\"{&quot;background_background&quot;:&quot;classic&quot;,&quot;_transform_translateY_effect_hover&quot;:{&quot;unit&quot;:&quot;px&quot;,&quot;size&quot;:-4,&quot;sizes&quot;:[]},&quot;_transform_translateX_effect_hover&quot;:{&quot;unit&quot;:&quot;px&quot;,&quot;size&quot;:&quot;&quot;,&quot;sizes&quot;:[]},&quot;_transform_translateX_effect_hover_tablet&quot;:{&quot;unit&quot;:&quot;px&quot;,&quot;size&quot;:&quot;&quot;,&quot;sizes&quot;:[]},&quot;_transform_translateX_effect_hover_mobile&quot;:{&quot;unit&quot;:&quot;px&quot;,&quot;size&quot;:&quot;&quot;,&quot;sizes&quot;:[]},&quot;_transform_translateY_effect_hover_tablet&quot;:{&quot;unit&quot;:&quot;px&quot;,&quot;size&quot;:&quot;&quot;,&quot;sizes&quot;:[]},&quot;_transform_translateY_effect_hover_mobile&quot;:{&quot;unit&quot;:&quot;px&quot;,&quot;size&quot;:&quot;&quot;,&quot;sizes&quot;:[]}}\" href=\"https:\/\/www.facebook.com\/nikolettephotography-2090411984583024\/\" target=\"_blank\">\n\t\t<div class=\"elementor-element elementor-element-a412c74 e-flex e-con-boxed e-con e-child\" data-id=\"a412c74\" data-element_type=\"container\">\n\t\t\t\t\t<div class=\"e-con-inner\">\n\t\t\t\t<div class=\"elementor-element elementor-element-d94d787 elementor-widget elementor-widget-heading\" data-id=\"d94d787\" data-element_type=\"widget\" data-widget_type=\"heading.default\">\n\t\t\t\t<div class=\"elementor-widget-container\">\n\t\t\t\t\t<h2 class=\"elementor-heading-title elementor-size-default\"><i>Facebook<\/i><\/h2>\t\t\t\t<\/div>\n\t\t\t\t<\/div>\n\t\t\t\t<div class=\"elementor-element elementor-element-a8e0a01 elementor-view-framed elementor-shape-circle elementor-widget elementor-widget-icon\" data-id=\"a8e0a01\" data-element_type=\"widget\" data-widget_type=\"icon.default\">\n\t\t\t\t<div class=\"elementor-widget-container\">\n\t\t\t\t\t\t\t<div class=\"elementor-icon-wrapper\">\n\t\t\t<div class=\"elementor-icon\">\n\t\t\t<svg xmlns=\"http:\/\/www.w3.org\/2000\/svg\" height=\"48\" viewbox=\"0 -960 960 960\" width=\"48\"><path d=\"m202-160-42-42 498-498H364v-60h396v396h-60v-294L202-160Z\"><\/path><\/svg>\t\t\t<\/div>\n\t\t<\/div>\n\t\t\t\t\t\t<\/div>\n\t\t\t\t<\/div>\n\t\t\t\t\t<\/div>\n\t\t\t\t<\/div>\n\t\t\t\t<div class=\"elementor-element elementor-element-4ae3295 elementor-widget elementor-widget-heading\" data-id=\"4ae3295\" data-element_type=\"widget\" data-widget_type=\"heading.default\">\n\t\t\t\t<div class=\"elementor-widget-container\">\n\t\t\t\t\t<h5 class=\"elementor-heading-title elementor-size-default\">@nikolette.photography<\/h5>\t\t\t\t<\/div>\n\t\t\t\t<\/div>\n\t\t\t\t<\/a>\n\t\t\t\t<\/div>\n\t\t<div class=\"elementor-element elementor-element-ea83c4b e-con-full e-flex e-con e-child\" data-id=\"ea83c4b\" data-element_type=\"container\" data-settings=\"{&quot;background_background&quot;:&quot;classic&quot;}\">\n\t\t<div class=\"elementor-element elementor-element-675f3c9 e-con-full animated-slow e-flex elementor-invisible e-con e-child\" data-id=\"675f3c9\" data-element_type=\"container\" data-settings=\"{&quot;background_background&quot;:&quot;classic&quot;,&quot;animation&quot;:&quot;fadeInLeft&quot;,&quot;animation_delay&quot;:500}\">\n\t\t\t\t<\/div>\n\t\t<div class=\"elementor-element elementor-element-da4a74a e-flex e-con-boxed e-con e-child\" data-id=\"da4a74a\" data-element_type=\"container\">\n\t\t\t\t\t<div class=\"e-con-inner\">\n\t\t\t\t<div class=\"elementor-element elementor-element-ca7feed animated-slow elementor-invisible elementor-widget elementor-widget-heading\" data-id=\"ca7feed\" data-element_type=\"widget\" data-settings=\"{&quot;_animation&quot;:&quot;fadeIn&quot;,&quot;_animation_delay&quot;:500}\" data-widget_type=\"heading.default\">\n\t\t\t\t<div class=\"elementor-widget-container\">\n\t\t\t\t\t<h2 class=\"elementor-heading-title elementor-size-default\">Send me a message<\/h2>\t\t\t\t<\/div>\n\t\t\t\t<\/div>\n\t\t\t\t<div class=\"elementor-element elementor-element-08d3756 elementor-widget elementor-widget-text-editor\" data-id=\"08d3756\" data-element_type=\"widget\" data-widget_type=\"text-editor.default\">\n\t\t\t\t<div class=\"elementor-widget-container\">\n\t\t\t\t\t\t\t\t\t<p>If you are interested in a photo shoot or cooperation, please contact me.<\/p>\t\t\t\t\t\t\t\t<\/div>\n\t\t\t\t<\/div>\n\t\t\t\t<div class=\"elementor-element elementor-element-2f0a14f elementor-widget elementor-widget-form\" data-id=\"2f0a14f\" data-element_type=\"widget\" data-settings=\"{&quot;step_next_label&quot;:&quot;\\u010eal\\u0161ie&quot;,&quot;step_previous_label&quot;:&quot;Krok sp\\u00e4\\u0165&quot;,&quot;button_width&quot;:&quot;100&quot;,&quot;step_type&quot;:&quot;number_text&quot;,&quot;step_icon_shape&quot;:&quot;circle&quot;}\" data-widget_type=\"form.default\">\n\t\t\t\t<div class=\"elementor-widget-container\">\n\t\t\t\t\t\t\t<form class=\"elementor-form\" method=\"post\" id=\"kontakt1\" name=\"Kontakt 1\" action=\"\">\n\t\t\t<input type=\"hidden\" name=\"post_id\" value=\"305\"\/>\n\t\t\t<input type=\"hidden\" name=\"form_id\" value=\"2f0a14f\"\/>\n\t\t\t<input type=\"hidden\" name=\"referer_title\" value=\"Nikolette Vykopalov\u00e1\" \/>\n\n\t\t\t\n\t\t\t<div class=\"elementor-form-fields-wrapper elementor-labels-\">\n\t\t\t\t\t\t\t\t<div class=\"elementor-field-type-recaptcha_v3 elementor-field-group elementor-column elementor-field-group-field_30bcec4 elementor-col-100 recaptcha_v3-bottomright\">\n\t\t\t\t\t<div class=\"elementor-field\" id=\"form-field-field_30bcec4\"><div class=\"elementor-g-recaptcha\" data-sitekey=\"6Lfed2YmAAAAAIYr4BSRixpfFV_xugN-eAuENd8-\" data-type=\"v3\" data-action=\"Form\" data-badge=\"bottomright\" data-size=\"invisible\"><\/div><\/div>\t\t\t\t<\/div>\n\t\t\t\t\t\t\t\t<div class=\"elementor-field-type-text elementor-field-group elementor-column elementor-field-group-name elementor-col-100 elementor-field-required\">\n\t\t\t\t\t\t\t\t\t\t\t\t<label for=\"form-field-name\" class=\"elementor-field-label elementor-screen-only\">\n\t\t\t\t\t\t\t\tName and surname\t\t\t\t\t\t\t<\/label>\n\t\t\t\t\t\t\t\t\t\t\t\t\t\t<input size=\"1\" type=\"text\" name=\"form_fields[name]\" id=\"form-field-name\" class=\"elementor-field elementor-size-sm  elementor-field-textual\" placeholder=\"Name and surname*\" required=\"required\">\n\t\t\t\t\t\t\t\t\t\t\t<\/div>\n\t\t\t\t\t\t\t\t<div class=\"elementor-field-type-email elementor-field-group elementor-column elementor-field-group-email elementor-col-50 elementor-field-required\">\n\t\t\t\t\t\t\t\t\t\t\t\t<label for=\"form-field-email\" class=\"elementor-field-label elementor-screen-only\">\n\t\t\t\t\t\t\t\tEmail\t\t\t\t\t\t\t<\/label>\n\t\t\t\t\t\t\t\t\t\t\t\t\t\t<input size=\"1\" type=\"email\" name=\"form_fields[email]\" id=\"form-field-email\" class=\"elementor-field elementor-size-sm  elementor-field-textual\" placeholder=\"Email*\" required=\"required\">\n\t\t\t\t\t\t\t\t\t\t\t<\/div>\n\t\t\t\t\t\t\t\t<div class=\"elementor-field-type-tel elementor-field-group elementor-column elementor-field-group-phone elementor-col-50 elementor-field-required\">\n\t\t\t\t\t\t\t\t\t\t\t\t<label for=\"form-field-phone\" class=\"elementor-field-label elementor-screen-only\">\n\t\t\t\t\t\t\t\tMobile\t\t\t\t\t\t\t<\/label>\n\t\t\t\t\t\t\t\t<input size=\"1\" type=\"tel\" name=\"form_fields[phone]\" id=\"form-field-phone\" class=\"elementor-field elementor-size-sm  elementor-field-textual\" placeholder=\"Mobile phone*\" required=\"required\" pattern=\"[0-9()#&amp;+*-=.]+\" title=\"Only numbers and phone characters (#, -, *, etc) are accepted.\">\n\n\t\t\t\t\t\t<\/div>\n\t\t\t\t\t\t\t\t<div class=\"elementor-field-type-textarea elementor-field-group elementor-column elementor-field-group-message elementor-col-100 elementor-field-required\">\n\t\t\t\t\t\t\t\t\t\t\t\t<label for=\"form-field-message\" class=\"elementor-field-label elementor-screen-only\">\n\t\t\t\t\t\t\t\tReport\t\t\t\t\t\t\t<\/label>\n\t\t\t\t\t\t<textarea class=\"elementor-field-textual elementor-field  elementor-size-sm\" name=\"form_fields[message]\" id=\"form-field-message\" rows=\"4\" placeholder=\"Your message*\" required=\"required\"><\/textarea>\t\t\t\t<\/div>\n\t\t\t\t\t\t\t\t<div class=\"elementor-field-type-html elementor-field-group elementor-column elementor-field-group-field_be9e5ac elementor-col-100\">\n\t\t\t\t\tBy clicking the \"Submit\" button, you consent to the processing of your personal data used in this form.\t\t\t\t<\/div>\n\t\t\t\t\t\t\t\t<div class=\"elementor-field-group elementor-column elementor-field-type-submit elementor-col-100 e-form__buttons\">\n\t\t\t\t\t<button class=\"elementor-button elementor-size-sm\" type=\"submit\">\n\t\t\t\t\t\t<span class=\"elementor-button-content-wrapper\">\n\t\t\t\t\t\t\t\t\t\t\t\t\t\t\t\t\t\t\t\t\t\t<span class=\"elementor-button-text\">Send to<\/span>\n\t\t\t\t\t\t\t\t\t\t\t\t\t<\/span>\n\t\t\t\t\t<\/button>\n\t\t\t\t<\/div>\n\t\t\t<\/div>\n\t\t<input type=\"hidden\" name=\"trp-form-language\" value=\"en\"\/><\/form>\n\t\t\t\t\t\t<\/div>\n\t\t\t\t<\/div>\n\t\t\t\t\t<\/div>\n\t\t\t\t<\/div>\n\t\t\t\t<\/div>\n\t\t\t\t\t<\/div>\n\t\t\t\t<\/div>\n\t\t\t\t<\/div>","protected":false},"excerpt":{"rendered":"<p>Instagram @nikolette.photography Facebook @nikolette.photography Contact me If you are interested in a photo shoot or collaboration, please feel free to contact me.<\/p>","protected":false},"author":1,"featured_media":0,"parent":0,"menu_order":0,"comment_status":"closed","ping_status":"closed","template":"","meta":{"footnotes":""},"class_list":["post-305","page","type-page","status-publish","hentry"],"blocksy_meta":{"vertical_spacing_source":"custom","content_area_spacing":"none"},"yoast_head":"<!-- This site is optimized with the Yoast SEO plugin v24.6 - https:\/\/yoast.com\/wordpress\/plugins\/seo\/ -->\n<title>Kontakt &#8211; Nikolette Vykopalov\u00e1<\/title>\n<meta name=\"description\" content=\"Jedna spr\u00e1va V\u00e1s del\u00ed od zachytenia Va\u0161ich najkraj\u0161\u00edch momentov. Po\u010fme tvori\u0165!\" \/>\n<meta name=\"robots\" content=\"index, follow, max-snippet:-1, max-image-preview:large, max-video-preview:-1\" \/>\n<link rel=\"canonical\" href=\"https:\/\/www.nikolettephotography.sk\/en\/kontakt\/\" \/>\n<meta property=\"og:locale\" content=\"en_GB\" \/>\n<meta property=\"og:type\" content=\"article\" \/>\n<meta property=\"og:title\" content=\"Kontakt &#8211; Nikolette Vykopalov\u00e1\" \/>\n<meta property=\"og:description\" content=\"Jedna spr\u00e1va V\u00e1s del\u00ed od zachytenia Va\u0161ich najkraj\u0161\u00edch momentov. Po\u010fme tvori\u0165!\" \/>\n<meta property=\"og:url\" content=\"https:\/\/www.nikolettephotography.sk\/en\/kontakt\/\" \/>\n<meta property=\"og:site_name\" content=\"Nikolette Vykopalov\u00e1\" \/>\n<meta property=\"article:modified_time\" content=\"2024-04-23T15:25:41+00:00\" \/>\n<meta property=\"og:image\" content=\"https:\/\/www.nikolettephotography.sk\/wp-content\/uploads\/2023\/05\/nv1.jpg\" \/>\n\t<meta property=\"og:image:width\" content=\"1325\" \/>\n\t<meta property=\"og:image:height\" content=\"745\" \/>\n\t<meta property=\"og:image:type\" content=\"image\/jpeg\" \/>\n<meta name=\"twitter:card\" content=\"summary_large_image\" \/>\n<meta name=\"twitter:label1\" content=\"Estimated reading time\" \/>\n\t<meta name=\"twitter:data1\" content=\"1 minute\" \/>\n<script type=\"application\/ld+json\" class=\"yoast-schema-graph\">{\"@context\":\"https:\/\/schema.org\",\"@graph\":[{\"@type\":\"WebPage\",\"@id\":\"https:\/\/www.nikolettephotography.sk\/kontakt\/\",\"url\":\"https:\/\/www.nikolettephotography.sk\/kontakt\/\",\"name\":\"Kontakt &#8211; Nikolette Vykopalov\u00e1\",\"isPartOf\":{\"@id\":\"https:\/\/www.nikolettephotography.sk\/#website\"},\"datePublished\":\"2023-05-31T13:03:02+00:00\",\"dateModified\":\"2024-04-23T15:25:41+00:00\",\"description\":\"Jedna spr\u00e1va V\u00e1s del\u00ed od zachytenia Va\u0161ich najkraj\u0161\u00edch momentov. Po\u010fme tvori\u0165!\",\"breadcrumb\":{\"@id\":\"https:\/\/www.nikolettephotography.sk\/kontakt\/#breadcrumb\"},\"inLanguage\":\"en-GB\",\"potentialAction\":[{\"@type\":\"ReadAction\",\"target\":[\"https:\/\/www.nikolettephotography.sk\/kontakt\/\"]}]},{\"@type\":\"BreadcrumbList\",\"@id\":\"https:\/\/www.nikolettephotography.sk\/kontakt\/#breadcrumb\",\"itemListElement\":[{\"@type\":\"ListItem\",\"position\":1,\"name\":\"Domov\",\"item\":\"https:\/\/www.nikolettephotography.sk\/\"},{\"@type\":\"ListItem\",\"position\":2,\"name\":\"Kontakt\"}]},{\"@type\":\"WebSite\",\"@id\":\"https:\/\/www.nikolettephotography.sk\/#website\",\"url\":\"https:\/\/www.nikolettephotography.sk\/\",\"name\":\"Nikolette Vykopalov\u00e1\",\"description\":\"Photography\",\"publisher\":{\"@id\":\"https:\/\/www.nikolettephotography.sk\/#\/schema\/person\/33d2232462b9143ccfaa7406f2d9a554\"},\"potentialAction\":[{\"@type\":\"SearchAction\",\"target\":{\"@type\":\"EntryPoint\",\"urlTemplate\":\"https:\/\/www.nikolettephotography.sk\/?s={search_term_string}\"},\"query-input\":{\"@type\":\"PropertyValueSpecification\",\"valueRequired\":true,\"valueName\":\"search_term_string\"}}],\"inLanguage\":\"en-GB\"},{\"@type\":[\"Person\",\"Organization\"],\"@id\":\"https:\/\/www.nikolettephotography.sk\/#\/schema\/person\/33d2232462b9143ccfaa7406f2d9a554\",\"name\":\"Nikolette Vykopalov\u00e1\",\"image\":{\"@type\":\"ImageObject\",\"inLanguage\":\"en-GB\",\"@id\":\"https:\/\/www.nikolettephotography.sk\/#\/schema\/person\/image\/\",\"url\":\"https:\/\/www.nikolettephotography.sk\/wp-content\/uploads\/2023\/06\/Asset-2.jpg\",\"contentUrl\":\"https:\/\/www.nikolettephotography.sk\/wp-content\/uploads\/2023\/06\/Asset-2.jpg\",\"width\":900,\"height\":900,\"caption\":\"Nikolette Vykopalov\u00e1\"},\"logo\":{\"@id\":\"https:\/\/www.nikolettephotography.sk\/#\/schema\/person\/image\/\"}}]}<\/script>\n<!-- \/ Yoast SEO plugin. -->","yoast_head_json":{"title":"Kontakt &#8211; Nikolette Vykopalov\u00e1","description":"Jedna spr\u00e1va V\u00e1s del\u00ed od zachytenia Va\u0161ich najkraj\u0161\u00edch momentov. Po\u010fme tvori\u0165!","robots":{"index":"index","follow":"follow","max-snippet":"max-snippet:-1","max-image-preview":"max-image-preview:large","max-video-preview":"max-video-preview:-1"},"canonical":"https:\/\/www.nikolettephotography.sk\/en\/kontakt\/","og_locale":"en_GB","og_type":"article","og_title":"Kontakt &#8211; Nikolette Vykopalov\u00e1","og_description":"Jedna spr\u00e1va V\u00e1s del\u00ed od zachytenia Va\u0161ich najkraj\u0161\u00edch momentov. Po\u010fme tvori\u0165!","og_url":"https:\/\/www.nikolettephotography.sk\/en\/kontakt\/","og_site_name":"Nikolette Vykopalov\u00e1","article_modified_time":"2024-04-23T15:25:41+00:00","og_image":[{"width":1325,"height":745,"url":"https:\/\/www.nikolettephotography.sk\/wp-content\/uploads\/2023\/05\/nv1.jpg","type":"image\/jpeg"}],"twitter_card":"summary_large_image","twitter_misc":{"Estimated reading time":"1 minute"},"schema":{"@context":"https:\/\/schema.org","@graph":[{"@type":"WebPage","@id":"https:\/\/www.nikolettephotography.sk\/kontakt\/","url":"https:\/\/www.nikolettephotography.sk\/kontakt\/","name":"Kontakt &#8211; Nikolette Vykopalov\u00e1","isPartOf":{"@id":"https:\/\/www.nikolettephotography.sk\/#website"},"datePublished":"2023-05-31T13:03:02+00:00","dateModified":"2024-04-23T15:25:41+00:00","description":"Jedna spr\u00e1va V\u00e1s del\u00ed od zachytenia Va\u0161ich najkraj\u0161\u00edch momentov. Po\u010fme tvori\u0165!","breadcrumb":{"@id":"https:\/\/www.nikolettephotography.sk\/kontakt\/#breadcrumb"},"inLanguage":"en-GB","potentialAction":[{"@type":"ReadAction","target":["https:\/\/www.nikolettephotography.sk\/kontakt\/"]}]},{"@type":"BreadcrumbList","@id":"https:\/\/www.nikolettephotography.sk\/kontakt\/#breadcrumb","itemListElement":[{"@type":"ListItem","position":1,"name":"Domov","item":"https:\/\/www.nikolettephotography.sk\/"},{"@type":"ListItem","position":2,"name":"Kontakt"}]},{"@type":"WebSite","@id":"https:\/\/www.nikolettephotography.sk\/#website","url":"https:\/\/www.nikolettephotography.sk\/","name":"Nikolette Vykopalov\u00e1","description":"Photography","publisher":{"@id":"https:\/\/www.nikolettephotography.sk\/#\/schema\/person\/33d2232462b9143ccfaa7406f2d9a554"},"potentialAction":[{"@type":"SearchAction","target":{"@type":"EntryPoint","urlTemplate":"https:\/\/www.nikolettephotography.sk\/?s={search_term_string}"},"query-input":{"@type":"PropertyValueSpecification","valueRequired":true,"valueName":"search_term_string"}}],"inLanguage":"en-GB"},{"@type":["Person","Organization"],"@id":"https:\/\/www.nikolettephotography.sk\/#\/schema\/person\/33d2232462b9143ccfaa7406f2d9a554","name":"Nikolette Vykopalov\u00e1","image":{"@type":"ImageObject","inLanguage":"en-GB","@id":"https:\/\/www.nikolettephotography.sk\/#\/schema\/person\/image\/","url":"https:\/\/www.nikolettephotography.sk\/wp-content\/uploads\/2023\/06\/Asset-2.jpg","contentUrl":"https:\/\/www.nikolettephotography.sk\/wp-content\/uploads\/2023\/06\/Asset-2.jpg","width":900,"height":900,"caption":"Nikolette Vykopalov\u00e1"},"logo":{"@id":"https:\/\/www.nikolettephotography.sk\/#\/schema\/person\/image\/"}}]}},"_links":{"self":[{"href":"https:\/\/www.nikolettephotography.sk\/en\/wp-json\/wp\/v2\/pages\/305","targetHints":{"allow":["GET"]}}],"collection":[{"href":"https:\/\/www.nikolettephotography.sk\/en\/wp-json\/wp\/v2\/pages"}],"about":[{"href":"https:\/\/www.nikolettephotography.sk\/en\/wp-json\/wp\/v2\/types\/page"}],"author":[{"embeddable":true,"href":"https:\/\/www.nikolettephotography.sk\/en\/wp-json\/wp\/v2\/users\/1"}],"replies":[{"embeddable":true,"href":"https:\/\/www.nikolettephotography.sk\/en\/wp-json\/wp\/v2\/comments?post=305"}],"version-history":[{"count":5,"href":"https:\/\/www.nikolettephotography.sk\/en\/wp-json\/wp\/v2\/pages\/305\/revisions"}],"predecessor-version":[{"id":2088,"href":"https:\/\/www.nikolettephotography.sk\/en\/wp-json\/wp\/v2\/pages\/305\/revisions\/2088"}],"wp:attachment":[{"href":"https:\/\/www.nikolettephotography.sk\/en\/wp-json\/wp\/v2\/media?parent=305"}],"curies":[{"name":"wp","href":"https:\/\/api.w.org\/{rel}","templated":true}]}}